{"id":185,"date":"2021-07-26T09:44:43","date_gmt":"2021-07-26T09:44:43","guid":{"rendered":"https:\/\/keenitsolutions.com\/products\/wordpress\/bizup\/?page_id=185"},"modified":"2025-04-14T14:18:58","modified_gmt":"2025-04-14T14:18:58","slug":"dairelerimiz","status":"publish","type":"page","link":"https:\/\/kadikoygunluk.com\/index.php\/dairelerimiz\/","title":{"rendered":"Dairelerimiz"},"content":{"rendered":"\n<p>Kendinizi evinizde gibi hissedece\u011finiz rahat bir konaklama ve \u0130stanbul\u2019un g\u00fczelliklerini ke\u015ffetmek i\u00e7in m\u00fckemmel bir ba\u015flang\u0131\u00e7 noktas\u0131y\u0131z.<\/p>\n\n\n\n<div class=\"wp-block-group\" style=\"font-size:7px\"><div class=\"wp-block-group__inner-container is-layout-constrained wp-block-group-is-layout-constrained\">\n<figure class=\"wp-block-gallery has-nested-images columns-3 is-cropped wp-block-gallery-1 is-layout-flex wp-block-gallery-is-layout-flex\">\n<figure class=\"wp-block-image size-large\"><img loading=\"lazy\" decoding=\"async\" width=\"1024\" height=\"683\" data-id=\"27757\" src=\"https:\/\/kadikoygunluk.com\/wp-content\/uploads\/2024\/01\/DSC09913-kopya-1-1024x683.jpg\" alt=\"\" class=\"wp-image-27757\" srcset=\"https:\/\/kadikoygunluk.com\/wp-content\/uploads\/2024\/01\/DSC09913-kopya-1-1024x683.jpg 1024w, https:\/\/kadikoygunluk.com\/wp-content\/uploads\/2024\/01\/DSC09913-kopya-1-300x200.jpg 300w, https:\/\/kadikoygunluk.com\/wp-content\/uploads\/2024\/01\/DSC09913-kopya-1-768x512.jpg 768w, https:\/\/kadikoygunluk.com\/wp-content\/uploads\/2024\/01\/DSC09913-kopya-1-1536x1025.jpg 1536w, https:\/\/kadikoygunluk.com\/wp-content\/uploads\/2024\/01\/DSC09913-kopya-1-365x243.jpg 365w, https:\/\/kadikoygunluk.com\/wp-content\/uploads\/2024\/01\/DSC09913-kopya-1.jpg 1590w\" sizes=\"auto, (max-width: 1024px) 100vw, 1024px\" \/><\/figure>\n\n\n\n<figure class=\"wp-block-image size-large\"><img loading=\"lazy\" decoding=\"async\" width=\"1024\" height=\"683\" data-id=\"27746\" src=\"https:\/\/kadikoygunluk.com\/wp-content\/uploads\/2024\/01\/DSC09908-kopya-copy-1024x683.jpg\" alt=\"\" class=\"wp-image-27746\" srcset=\"https:\/\/kadikoygunluk.com\/wp-content\/uploads\/2024\/01\/DSC09908-kopya-copy-1024x683.jpg 1024w, https:\/\/kadikoygunluk.com\/wp-content\/uploads\/2024\/01\/DSC09908-kopya-copy-300x200.jpg 300w, https:\/\/kadikoygunluk.com\/wp-content\/uploads\/2024\/01\/DSC09908-kopya-copy-768x512.jpg 768w, https:\/\/kadikoygunluk.com\/wp-content\/uploads\/2024\/01\/DSC09908-kopya-copy-1536x1025.jpg 1536w, https:\/\/kadikoygunluk.com\/wp-content\/uploads\/2024\/01\/DSC09908-kopya-copy-365x243.jpg 365w, https:\/\/kadikoygunluk.com\/wp-content\/uploads\/2024\/01\/DSC09908-kopya-copy.jpg 1908w\" sizes=\"auto, (max-width: 1024px) 100vw, 1024px\" \/><\/figure>\n\n\n\n<figure class=\"wp-block-image size-large\"><img loading=\"lazy\" decoding=\"async\" width=\"1024\" height=\"683\" data-id=\"27756\" src=\"https:\/\/kadikoygunluk.com\/wp-content\/uploads\/2024\/01\/DSC09910-kopya-1-1024x683.jpg\" alt=\"\" class=\"wp-image-27756\" srcset=\"https:\/\/kadikoygunluk.com\/wp-content\/uploads\/2024\/01\/DSC09910-kopya-1-1024x683.jpg 1024w, https:\/\/kadikoygunluk.com\/wp-content\/uploads\/2024\/01\/DSC09910-kopya-1-300x200.jpg 300w, https:\/\/kadikoygunluk.com\/wp-content\/uploads\/2024\/01\/DSC09910-kopya-1-768x512.jpg 768w, https:\/\/kadikoygunluk.com\/wp-content\/uploads\/2024\/01\/DSC09910-kopya-1-1536x1025.jpg 1536w, https:\/\/kadikoygunluk.com\/wp-content\/uploads\/2024\/01\/DSC09910-kopya-1-365x243.jpg 365w, https:\/\/kadikoygunluk.com\/wp-content\/uploads\/2024\/01\/DSC09910-kopya-1.jpg 1908w\" sizes=\"auto, (max-width: 1024px) 100vw, 1024px\" \/><\/figure>\n\n\n\n<figure class=\"wp-block-image size-large\"><img loading=\"lazy\" decoding=\"async\" width=\"1024\" height=\"758\" data-id=\"27755\" src=\"https:\/\/kadikoygunluk.com\/wp-content\/uploads\/2024\/01\/DSC09897-kopya-1-1024x758.jpg\" alt=\"\" class=\"wp-image-27755\" srcset=\"https:\/\/kadikoygunluk.com\/wp-content\/uploads\/2024\/01\/DSC09897-kopya-1-1024x758.jpg 1024w, https:\/\/kadikoygunluk.com\/wp-content\/uploads\/2024\/01\/DSC09897-kopya-1-300x222.jpg 300w, https:\/\/kadikoygunluk.com\/wp-content\/uploads\/2024\/01\/DSC09897-kopya-1-768x569.jpg 768w, https:\/\/kadikoygunluk.com\/wp-content\/uploads\/2024\/01\/DSC09897-kopya-1.jpg 1433w\" sizes=\"auto, (max-width: 1024px) 100vw, 1024px\" \/><\/figure>\n\n\n\n<figure class=\"wp-block-image size-large\"><img loading=\"lazy\" decoding=\"async\" width=\"1024\" height=\"714\" data-id=\"27748\" src=\"https:\/\/kadikoygunluk.com\/wp-content\/uploads\/2024\/01\/DSC09969-kopya-copy-1024x714.jpg\" alt=\"\" class=\"wp-image-27748\" srcset=\"https:\/\/kadikoygunluk.com\/wp-content\/uploads\/2024\/01\/DSC09969-kopya-copy-1024x714.jpg 1024w, https:\/\/kadikoygunluk.com\/wp-content\/uploads\/2024\/01\/DSC09969-kopya-copy-300x209.jpg 300w, https:\/\/kadikoygunluk.com\/wp-content\/uploads\/2024\/01\/DSC09969-kopya-copy-768x536.jpg 768w, https:\/\/kadikoygunluk.com\/wp-content\/uploads\/2024\/01\/DSC09969-kopya-copy-1536x1072.jpg 1536w, https:\/\/kadikoygunluk.com\/wp-content\/uploads\/2024\/01\/DSC09969-kopya-copy.jpg 1717w\" sizes=\"auto, (max-width: 1024px) 100vw, 1024px\" \/><\/figure>\n\n\n\n<figure class=\"wp-block-image size-large\"><img loading=\"lazy\" decoding=\"async\" width=\"1024\" height=\"829\" data-id=\"27762\" src=\"https:\/\/kadikoygunluk.com\/wp-content\/uploads\/2024\/01\/DSC09959-kopya-copy-1024x829.jpg\" alt=\"\" class=\"wp-image-27762\" srcset=\"https:\/\/kadikoygunluk.com\/wp-content\/uploads\/2024\/01\/DSC09959-kopya-copy-1024x829.jpg 1024w, https:\/\/kadikoygunluk.com\/wp-content\/uploads\/2024\/01\/DSC09959-kopya-copy-300x243.jpg 300w, https:\/\/kadikoygunluk.com\/wp-content\/uploads\/2024\/01\/DSC09959-kopya-copy-768x622.jpg 768w, https:\/\/kadikoygunluk.com\/wp-content\/uploads\/2024\/01\/DSC09959-kopya-copy-1536x1243.jpg 1536w, https:\/\/kadikoygunluk.com\/wp-content\/uploads\/2024\/01\/DSC09959-kopya-copy.jpg 1573w\" sizes=\"auto, (max-width: 1024px) 100vw, 1024px\" \/><\/figure>\n\n\n\n<figure class=\"wp-block-image size-large\"><img loading=\"lazy\" decoding=\"async\" width=\"1024\" height=\"661\" data-id=\"27743\" src=\"https:\/\/kadikoygunluk.com\/wp-content\/uploads\/2024\/01\/resim-1024x661.png\" alt=\"\" class=\"wp-image-27743\" srcset=\"https:\/\/kadikoygunluk.com\/wp-content\/uploads\/2024\/01\/resim-1024x661.png 1024w, https:\/\/kadikoygunluk.com\/wp-content\/uploads\/2024\/01\/resim-300x194.png 300w, https:\/\/kadikoygunluk.com\/wp-content\/uploads\/2024\/01\/resim-768x496.png 768w, https:\/\/kadikoygunluk.com\/wp-content\/uploads\/2024\/01\/resim.png 1170w\" sizes=\"auto, (max-width: 1024px) 100vw, 1024px\" \/><\/figure>\n\n\n\n<figure class=\"wp-block-image size-large\"><img loading=\"lazy\" decoding=\"async\" width=\"1024\" height=\"683\" data-id=\"27753\" src=\"https:\/\/kadikoygunluk.com\/wp-content\/uploads\/2024\/01\/DSC09877-kopya-copy-1024x683.jpg\" alt=\"\" class=\"wp-image-27753\" srcset=\"https:\/\/kadikoygunluk.com\/wp-content\/uploads\/2024\/01\/DSC09877-kopya-copy-1024x683.jpg 1024w, https:\/\/kadikoygunluk.com\/wp-content\/uploads\/2024\/01\/DSC09877-kopya-copy-300x200.jpg 300w, https:\/\/kadikoygunluk.com\/wp-content\/uploads\/2024\/01\/DSC09877-kopya-copy-768x512.jpg 768w, https:\/\/kadikoygunluk.com\/wp-content\/uploads\/2024\/01\/DSC09877-kopya-copy-1536x1025.jpg 1536w, https:\/\/kadikoygunluk.com\/wp-content\/uploads\/2024\/01\/DSC09877-kopya-copy-365x243.jpg 365w, https:\/\/kadikoygunluk.com\/wp-content\/uploads\/2024\/01\/DSC09877-kopya-copy.jpg 1908w\" sizes=\"auto, (max-width: 1024px) 100vw, 1024px\" \/><\/figure>\n\n\n\n<figure class=\"wp-block-image size-large\"><img loading=\"lazy\" decoding=\"async\" width=\"1024\" height=\"683\" data-id=\"27754\" src=\"https:\/\/kadikoygunluk.com\/wp-content\/uploads\/2024\/01\/DSC09882-kopya-copy-1024x683.jpg\" alt=\"\" class=\"wp-image-27754\" srcset=\"https:\/\/kadikoygunluk.com\/wp-content\/uploads\/2024\/01\/DSC09882-kopya-copy-1024x683.jpg 1024w, https:\/\/kadikoygunluk.com\/wp-content\/uploads\/2024\/01\/DSC09882-kopya-copy-300x200.jpg 300w, https:\/\/kadikoygunluk.com\/wp-content\/uploads\/2024\/01\/DSC09882-kopya-copy-768x512.jpg 768w, https:\/\/kadikoygunluk.com\/wp-content\/uploads\/2024\/01\/DSC09882-kopya-copy-1536x1025.jpg 1536w, https:\/\/kadikoygunluk.com\/wp-content\/uploads\/2024\/01\/DSC09882-kopya-copy-365x243.jpg 365w, https:\/\/kadikoygunluk.com\/wp-content\/uploads\/2024\/01\/DSC09882-kopya-copy.jpg 1908w\" sizes=\"auto, (max-width: 1024px) 100vw, 1024px\" \/><\/figure>\n\n\n\n<figure class=\"wp-block-image size-large\"><img loading=\"lazy\" decoding=\"async\" width=\"1024\" height=\"683\" data-id=\"27758\" src=\"https:\/\/kadikoygunluk.com\/wp-content\/uploads\/2024\/01\/DSC09937-kopya-1-1024x683.jpg\" alt=\"\" class=\"wp-image-27758\" srcset=\"https:\/\/kadikoygunluk.com\/wp-content\/uploads\/2024\/01\/DSC09937-kopya-1-1024x683.jpg 1024w, https:\/\/kadikoygunluk.com\/wp-content\/uploads\/2024\/01\/DSC09937-kopya-1-300x200.jpg 300w, https:\/\/kadikoygunluk.com\/wp-content\/uploads\/2024\/01\/DSC09937-kopya-1-768x512.jpg 768w, https:\/\/kadikoygunluk.com\/wp-content\/uploads\/2024\/01\/DSC09937-kopya-1-1536x1025.jpg 1536w, https:\/\/kadikoygunluk.com\/wp-content\/uploads\/2024\/01\/DSC09937-kopya-1-365x243.jpg 365w, https:\/\/kadikoygunluk.com\/wp-content\/uploads\/2024\/01\/DSC09937-kopya-1.jpg 1908w\" sizes=\"auto, (max-width: 1024px) 100vw, 1024px\" \/><\/figure>\n\n\n\n<figure class=\"wp-block-image size-large\"><img loading=\"lazy\" decoding=\"async\" width=\"1024\" height=\"709\" data-id=\"27761\" src=\"https:\/\/kadikoygunluk.com\/wp-content\/uploads\/2024\/01\/DSC09931-kopya-copy-1024x709.jpg\" alt=\"\" class=\"wp-image-27761\" srcset=\"https:\/\/kadikoygunluk.com\/wp-content\/uploads\/2024\/01\/DSC09931-kopya-copy-1024x709.jpg 1024w, https:\/\/kadikoygunluk.com\/wp-content\/uploads\/2024\/01\/DSC09931-kopya-copy-300x208.jpg 300w, https:\/\/kadikoygunluk.com\/wp-content\/uploads\/2024\/01\/DSC09931-kopya-copy-768x532.jpg 768w, https:\/\/kadikoygunluk.com\/wp-content\/uploads\/2024\/01\/DSC09931-kopya-copy-1536x1064.jpg 1536w, https:\/\/kadikoygunluk.com\/wp-content\/uploads\/2024\/01\/DSC09931-kopya-copy.jpg 1838w\" sizes=\"auto, (max-width: 1024px) 100vw, 1024px\" \/><\/figure>\n\n\n\n<figure class=\"wp-block-image size-large\"><img loading=\"lazy\" decoding=\"async\" width=\"1024\" height=\"683\" data-id=\"27760\" src=\"https:\/\/kadikoygunluk.com\/wp-content\/uploads\/2024\/01\/DSC09879-kopya-copy-1024x683.jpg\" alt=\"\" class=\"wp-image-27760\" srcset=\"https:\/\/kadikoygunluk.com\/wp-content\/uploads\/2024\/01\/DSC09879-kopya-copy-1024x683.jpg 1024w, https:\/\/kadikoygunluk.com\/wp-content\/uploads\/2024\/01\/DSC09879-kopya-copy-300x200.jpg 300w, https:\/\/kadikoygunluk.com\/wp-content\/uploads\/2024\/01\/DSC09879-kopya-copy-768x512.jpg 768w, https:\/\/kadikoygunluk.com\/wp-content\/uploads\/2024\/01\/DSC09879-kopya-copy-1536x1025.jpg 1536w, https:\/\/kadikoygunluk.com\/wp-content\/uploads\/2024\/01\/DSC09879-kopya-copy-365x243.jpg 365w, https:\/\/kadikoygunluk.com\/wp-content\/uploads\/2024\/01\/DSC09879-kopya-copy.jpg 1908w\" sizes=\"auto, (max-width: 1024px) 100vw, 1024px\" \/><\/figure>\n\n\n\n<figure class=\"wp-block-image size-large\"><img loading=\"lazy\" decoding=\"async\" width=\"720\" height=\"532\" data-id=\"27763\" src=\"https:\/\/kadikoygunluk.com\/wp-content\/uploads\/2024\/01\/kapak-fb-copy.png\" alt=\"\" class=\"wp-image-27763\" srcset=\"https:\/\/kadikoygunluk.com\/wp-content\/uploads\/2024\/01\/kapak-fb-copy.png 720w, https:\/\/kadikoygunluk.com\/wp-content\/uploads\/2024\/01\/kapak-fb-copy-300x222.png 300w\" sizes=\"auto, (max-width: 720px) 100vw, 720px\" \/><\/figure>\n\n\n\n<figure class=\"wp-block-image size-large\"><img loading=\"lazy\" decoding=\"async\" width=\"826\" height=\"540\" data-id=\"27747\" src=\"https:\/\/kadikoygunluk.com\/wp-content\/uploads\/2024\/01\/477633ca-9d91-4a9c-a1c1-a558699bba57-e1706340880832.jpg\" alt=\"\" class=\"wp-image-27747\" srcset=\"https:\/\/kadikoygunluk.com\/wp-content\/uploads\/2024\/01\/477633ca-9d91-4a9c-a1c1-a558699bba57-e1706340880832.jpg 826w, https:\/\/kadikoygunluk.com\/wp-content\/uploads\/2024\/01\/477633ca-9d91-4a9c-a1c1-a558699bba57-e1706340880832-300x196.jpg 300w, https:\/\/kadikoygunluk.com\/wp-content\/uploads\/2024\/01\/477633ca-9d91-4a9c-a1c1-a558699bba57-e1706340880832-768x502.jpg 768w\" sizes=\"auto, (max-width: 826px) 100vw, 826px\" \/><\/figure>\n\n\n\n<figure class=\"wp-block-image size-large\"><img loading=\"lazy\" decoding=\"async\" width=\"826\" height=\"548\" data-id=\"27734\" src=\"https:\/\/kadikoygunluk.com\/wp-content\/uploads\/2024\/01\/de8ce0dc-ed12-43c9-8317-64a6a0d52b47-e1706340602628.jpg\" alt=\"\" class=\"wp-image-27734\" srcset=\"https:\/\/kadikoygunluk.com\/wp-content\/uploads\/2024\/01\/de8ce0dc-ed12-43c9-8317-64a6a0d52b47-e1706340602628.jpg 826w, https:\/\/kadikoygunluk.com\/wp-content\/uploads\/2024\/01\/de8ce0dc-ed12-43c9-8317-64a6a0d52b47-e1706340602628-300x199.jpg 300w, https:\/\/kadikoygunluk.com\/wp-content\/uploads\/2024\/01\/de8ce0dc-ed12-43c9-8317-64a6a0d52b47-e1706340602628-768x510.jpg 768w, https:\/\/kadikoygunluk.com\/wp-content\/uploads\/2024\/01\/de8ce0dc-ed12-43c9-8317-64a6a0d52b47-e1706340602628-365x243.jpg 365w\" sizes=\"auto, (max-width: 826px) 100vw, 826px\" \/><\/figure>\n<\/figure>\n<\/div><\/div>\n\n\n\n<p><style>\/*! elementor - v3.18.0 - 20-12-2023 *\/<br \/>\n.elementor-image-gallery .gallery-item{display:inline-block;text-align:center;vertical-align:top;width:100%;max-width:100%;margin:0 auto}.elementor-image-gallery .gallery-item img{margin:0 auto}.elementor-image-gallery .gallery-item .gallery-caption{margin:0}.elementor-image-gallery figure img{display:block}.elementor-image-gallery figure figcaption{width:100%}.gallery-spacing-custom .elementor-image-gallery .gallery-icon{padding:0}@media (min-width:768px){.elementor-image-gallery .gallery-columns-2 .gallery-item{max-width:50%}.elementor-image-gallery .gallery-columns-3 .gallery-item{max-width:33.33%}.elementor-image-gallery .gallery-columns-4 .gallery-item{max-width:25%}.elementor-image-gallery .gallery-columns-5 .gallery-item{max-width:20%}.elementor-image-gallery .gallery-columns-6 .gallery-item{max-width:16.666%}.elementor-image-gallery .gallery-columns-7 .gallery-item{max-width:14.28%}.elementor-image-gallery .gallery-columns-8 .gallery-item{max-width:12.5%}.elementor-image-gallery .gallery-columns-9 .gallery-item{max-width:11.11%}.elementor-image-gallery .gallery-columns-10 .gallery-item{max-width:10%}}@media (min-width:480px) and (max-width:767px){.elementor-image-gallery .gallery.gallery-columns-2 .gallery-item,.elementor-image-gallery .gallery.gallery-columns-3 .gallery-item,.elementor-image-gallery .gallery.gallery-columns-4 .gallery-item,.elementor-image-gallery .gallery.gallery-columns-5 .gallery-item,.elementor-image-gallery .gallery.gallery-columns-6 .gallery-item,.elementor-image-gallery .gallery.gallery-columns-7 .gallery-item,.elementor-image-gallery .gallery.gallery-columns-8 .gallery-item,.elementor-image-gallery .gallery.gallery-columns-9 .gallery-item,.elementor-image-gallery .gallery.gallery-columns-10 .gallery-item{max-width:50%}}@media (max-width:479px){.elementor-image-gallery .gallery.gallery-columns-2 .gallery-item,.elementor-image-gallery .gallery.gallery-columns-3 .gallery-item,.elementor-image-gallery .gallery.gallery-columns-4 .gallery-item,.elementor-image-gallery .gallery.gallery-columns-5 .gallery-item,.elementor-image-gallery .gallery.gallery-columns-6 .gallery-item,.elementor-image-gallery .gallery.gallery-columns-7 .gallery-item,.elementor-image-gallery .gallery.gallery-columns-8 .gallery-item,.elementor-image-gallery .gallery.gallery-columns-9 .gallery-item,.elementor-image-gallery .gallery.gallery-columns-10 .gallery-item{max-width:100%}}<\/style><\/p>\n","protected":false},"excerpt":{"rendered":"<p>Kendinizi evinizde gibi hissedece\u011finiz rahat bir konaklama ve \u0130stanbul\u2019un g\u00fczelliklerini ke\u015ffetmek i\u00e7in m\u00fckemmel bir ba\u015flang\u0131\u00e7 noktas\u0131y\u0131z.<\/p>\n","protected":false},"author":1,"featured_media":0,"parent":0,"menu_order":0,"comment_status":"closed","ping_status":"closed","template":"","meta":{"_monsterinsights_skip_tracking":false,"_monsterinsights_sitenote_active":false,"_monsterinsights_sitenote_note":"","_monsterinsights_sitenote_category":0,"footnotes":""},"class_list":["post-185","page","type-page","status-publish","hentry"],"aioseo_notices":[],"_links":{"self":[{"href":"https:\/\/kadikoygunluk.com\/index.php\/wp-json\/wp\/v2\/pages\/185","targetHints":{"allow":["GET"]}}],"collection":[{"href":"https:\/\/kadikoygunluk.com\/index.php\/wp-json\/wp\/v2\/pages"}],"about":[{"href":"https:\/\/kadikoygunluk.com\/index.php\/wp-json\/wp\/v2\/types\/page"}],"author":[{"embeddable":true,"href":"https:\/\/kadikoygunluk.com\/index.php\/wp-json\/wp\/v2\/users\/1"}],"replies":[{"embeddable":true,"href":"https:\/\/kadikoygunluk.com\/index.php\/wp-json\/wp\/v2\/comments?post=185"}],"version-history":[{"count":0,"href":"https:\/\/kadikoygunluk.com\/index.php\/wp-json\/wp\/v2\/pages\/185\/revisions"}],"wp:attachment":[{"href":"https:\/\/kadikoygunluk.com\/index.php\/wp-json\/wp\/v2\/media?parent=185"}],"curies":[{"name":"wp","href":"https:\/\/api.w.org\/{rel}","templated":true}]}}