{"id":21330,"date":"2021-08-01T07:33:45","date_gmt":"2021-08-01T07:33:45","guid":{"rendered":"https:\/\/keenitsolutions.com\/products\/wordpress\/bizup\/?page_id=21330"},"modified":"2025-12-09T10:05:36","modified_gmt":"2025-12-09T10:05:36","slug":"iletisim","status":"publish","type":"page","link":"https:\/\/kadikoygunluk.com\/index.php\/iletisim\/","title":{"rendered":"\u0130leti\u015fim"},"content":{"rendered":"\n<p class=\"has-text-align-center\">Sorular\u0131n\u0131z, \u00f6nerileriniz veya rezervasyon talepleriniz i\u00e7in her zaman buraday\u0131z!<\/p>\n\n\n\n<div class=\"wp-block-group\"><div class=\"wp-block-group__inner-container is-layout-constrained wp-block-group-is-layout-constrained\">\n<iframe src=\"https:\/\/www.google.com\/maps\/embed?pb=!1m18!1m12!1m3!1d3011.6500233288093!2d29.027909790246113!3d40.98914374674945!2m3!1f0!2f0!3f0!3m2!1i1024!2i768!4f13.1!3m3!1m2!1s0x14cab86f8ce2e4cf%3A0x9700c9f67be120df!2zT3NtYW5hxJ9hLCBLdcWfZGlsaSBDZC4gTm86NTEsIDM0NzE0IEthZMSxa8O2eS_EsHN0YW5idWwsIFTDvHJraXll!5e0!3m2!1str!2sus!4v1744640778001!5m2!1str!2sus\" width=\"1200\" height=\"450\" style=\"border:0;\" allowfullscreen=\"\" loading=\"lazy\" referrerpolicy=\"no-referrer-when-downgrade\"><\/iframe>\n<\/div><\/div>\n\n\n\n<p class=\"has-text-align-center\">\u0130leti\u015fim i\u00e7in a\u015fa\u011f\u0131daki bilgileri kullanabilirsiniz.<\/p>\n\n\n\n<div class=\"wp-block-group is-content-justification-center is-nowrap is-layout-flex wp-container-core-group-is-layout-94bc23d7 wp-block-group-is-layout-flex\">\n<div class=\"wp-block-group is-vertical is-content-justification-center is-layout-flex wp-container-core-group-is-layout-48c2c4f0 wp-block-group-is-layout-flex\">\n<figure class=\"wp-block-image\"><img decoding=\"async\" src=\"https:\/\/keenitsolutions.com\/products\/wordpress\/bizup\/wp-content\/uploads\/2021\/07\/phone-call.png\" alt=\"image\"\/><\/figure>\n\n\n\n<h3 class=\"wp-block-heading has-text-align-center\">Telefon<\/h3>\n\n\n\n<p>0 (546) 539 25 25<\/p>\n<\/div>\n\n\n\n<div style=\"height:100px;width:0px\" aria-hidden=\"true\" class=\"wp-block-spacer wp-container-content-6388d5dc\"><\/div>\n\n\n\n<div class=\"wp-block-group is-vertical is-content-justification-center is-layout-flex wp-container-core-group-is-layout-73a99bce wp-block-group-is-layout-flex\">\n<figure class=\"wp-block-image\"><img decoding=\"async\" src=\"https:\/\/keenitsolutions.com\/products\/wordpress\/bizup\/wp-content\/uploads\/2021\/07\/chat.png\" alt=\"image\"\/><\/figure>\n\n\n\n<h3 class=\"wp-block-heading\">E-posta<\/h3>\n\n\n\n<p>info@kadikoygunluk.com<\/p>\n<\/div>\n\n\n\n<div style=\"height:100px;width:0px\" aria-hidden=\"true\" class=\"wp-block-spacer wp-container-content-6388d5dc\"><\/div>\n\n\n\n<div class=\"wp-block-group is-vertical is-layout-flex wp-container-core-group-is-layout-8cf370e7 wp-block-group-is-layout-flex\">\n<figure class=\"wp-block-image\"><img decoding=\"async\" src=\"https:\/\/keenitsolutions.com\/products\/wordpress\/bizup\/wp-content\/uploads\/2021\/07\/location-1.png\" alt=\"image\"\/><\/figure>\n\n\n\n<h3 class=\"wp-block-heading\">Adres<\/h3>\n\n\n\n<p>Osmana\u011fa, Ku\u015fdili Cd. <br>No:51\/A Kad\u0131k\u00f6y \/ \u0130ST<\/p>\n<\/div>\n<\/div>\n\n\n\n<p><\/p>\n","protected":false},"excerpt":{"rendered":"<p>Sorular\u0131n\u0131z, \u00f6nerileriniz veya rezervasyon talepleriniz i\u00e7in her zaman buraday\u0131z! \u0130leti\u015fim i\u00e7in a\u015fa\u011f\u0131daki bilgileri kullanabilirsiniz. Telefon 0 (546) 539 25 25 E-posta info@kadikoygunluk.com Adres Osmana\u011fa, Ku\u015fdili Cd. No:51\/A Kad\u0131k\u00f6y \/ \u0130ST<\/p>\n","protected":false},"author":1,"featured_media":0,"parent":0,"menu_order":0,"comment_status":"closed","ping_status":"closed","template":"","meta":{"_monsterinsights_skip_tracking":false,"_monsterinsights_sitenote_active":false,"_monsterinsights_sitenote_note":"","_monsterinsights_sitenote_category":0,"footnotes":""},"class_list":["post-21330","page","type-page","status-publish","hentry"],"aioseo_notices":[],"_links":{"self":[{"href":"https:\/\/kadikoygunluk.com\/index.php\/wp-json\/wp\/v2\/pages\/21330","targetHints":{"allow":["GET"]}}],"collection":[{"href":"https:\/\/kadikoygunluk.com\/index.php\/wp-json\/wp\/v2\/pages"}],"about":[{"href":"https:\/\/kadikoygunluk.com\/index.php\/wp-json\/wp\/v2\/types\/page"}],"author":[{"embeddable":true,"href":"https:\/\/kadikoygunluk.com\/index.php\/wp-json\/wp\/v2\/users\/1"}],"replies":[{"embeddable":true,"href":"https:\/\/kadikoygunluk.com\/index.php\/wp-json\/wp\/v2\/comments?post=21330"}],"version-history":[{"count":0,"href":"https:\/\/kadikoygunluk.com\/index.php\/wp-json\/wp\/v2\/pages\/21330\/revisions"}],"wp:attachment":[{"href":"https:\/\/kadikoygunluk.com\/index.php\/wp-json\/wp\/v2\/media?parent=21330"}],"curies":[{"name":"wp","href":"https:\/\/api.w.org\/{rel}","templated":true}]}}