{"id":27603,"date":"2021-07-13T11:21:17","date_gmt":"2021-07-13T11:21:17","guid":{"rendered":"http:\/\/192.168.0.108\/bizup\/?page_id=11"},"modified":"2025-04-14T14:12:10","modified_gmt":"2025-04-14T14:12:10","slug":"hakkimizda","status":"publish","type":"page","link":"https:\/\/kadikoygunluk.com\/index.php\/hakkimizda\/","title":{"rendered":"Hakk\u0131m\u0131zda"},"content":{"rendered":"<div data-colibri-id=\"27603-c55\" class=\"style-280 style-local-27603-c55 position-relative\">\n  <!----><\/p>\n<div data-colibri-component=\"section\" data-colibri-id=\"27603-c56\" id=\"initial-content\" class=\"h-section h-section-global-spacing d-flex align-items-lg-center align-items-md-center align-items-center style-281 style-local-27603-c56 position-relative\">\n    <!----><br \/>\n    <!----><\/p>\n<div class=\"h-section-grid-container h-section-boxed-container\">\n      <!----><\/p>\n<div data-colibri-id=\"27603-c57\" class=\"h-row-container gutters-row-lg-2 gutters-row-md-2 gutters-row-0 gutters-row-v-lg-2 gutters-row-v-md-2 gutters-row-v-2 style-282 style-local-27603-c57 position-relative\">\n        <!----><\/p>\n<div class=\"h-row justify-content-lg-center justify-content-md-center justify-content-center align-items-lg-stretch align-items-md-stretch align-items-stretch gutters-col-lg-2 gutters-col-md-2 gutters-col-0 gutters-col-v-lg-2 gutters-col-v-md-2 gutters-col-v-2\">\n          <!----><\/p>\n<div class=\"h-column h-column-container d-flex h-col-lg-auto h-col-md-auto h-col-auto style-283-outer style-local-27603-c58-outer\">\n<div data-colibri-id=\"27603-c58\" class=\"d-flex h-flex-basis h-column__inner h-px-lg-2 h-px-md-2 h-px-2 v-inner-lg-2 v-inner-md-2 v-inner-2 style-283 style-local-27603-c58 position-relative\">\n              <!----><br \/>\n              <!----><\/p>\n<div class=\"w-100 h-y-container h-column__content h-column__v-align flex-basis-100 align-self-lg-start align-self-md-start align-self-start\">\n                <!----><\/p>\n<div data-colibri-id=\"27603-c59\" class=\"style-284 style-local-27603-c59 position-relative h-element\">\n                  <!----><\/p>\n<div>\n\n\n<p>Seyahatlerinizi daha keyifli ve rahat hale getirmeyi hedefliyor ve sizlere Kad\u0131k\u00f6y&#8217;\u00fcn g\u00fczelliklerini ke\u015ffederken evinizde gibi hissettirmek i\u00e7in buraday\u0131z.<\/p>\n\n\n\n<p><strong>Biz Kimiz?<\/strong><\/p>\n\n\n\n<p>Kad\u0131k\u00f6y G\u00fcnl\u00fck Kiral\u0131k Daireler, \u0130stanbul&#8217;un en canl\u0131 semtlerinden biri olan Kad\u0131k\u00f6y&#8217;de konforlu ve keyifli konaklama deneyimleri sunan bir konaklama hizmeti sa\u011flay\u0131c\u0131s\u0131d\u0131r. Misafirlerimize evlerindeymi\u015f gibi hissettirecek modern ve\n                      \u015f\u0131k dairelerimizle, \u0130stanbul&#8217;un enerjisini ve k\u00fclt\u00fcrel dokusunu ke\u015ffederken rahat\u00e7a dinlenme imkan\u0131 sunuyoruz.<\/p>\n\n\n\n<p><strong>Misyonumuz<\/strong><\/p>\n\n\n\n<p>Misafirlerimize unutulmaz bir konaklama deneyimi sunmak i\u00e7in buraday\u0131z. Kad\u0131k\u00f6y&#8217;\u00fcn sokaklar\u0131nda dola\u015f\u0131rken ev rahatl\u0131\u011f\u0131n\u0131 ya\u015famalar\u0131n\u0131 sa\u011flamak, seyahatleri boyunca g\u00fcvenli, temiz ve konforlu bir ortam sunmak i\u00e7in \u00f6zveriyle \u00e7al\u0131\u015f\u0131yoruz.<\/p>\n\n\n\n<p><strong>Vizyonumuz<\/strong><\/p>\n\n\n\n<p>Kad\u0131k\u00f6y&#8217;\u00fcn k\u00fclt\u00fcrel zenginliklerini ve canl\u0131 atmosferini ke\u015ffetmek isteyen herkes i\u00e7in birinci tercih olmak. Misafirlerimizin memnuniyetini her zaman \u00f6n planda tutarak, onlara m\u00fckemmel bir konaklama deneyimi sunmay\u0131 hedefliyoruz.<\/p>\n\n\n\n<p><strong>Hizmetlerimiz<\/strong><\/p>\n\n\n\n<p>Kad\u0131k\u00f6y G\u00fcnl\u00fck Kiral\u0131k Daireler olarak, \u00e7e\u015fitli ihtiya\u00e7lara uygun farkl\u0131 boyutlarda ve tarzlarda daireler sunuyoruz. Misafirlerimizin konforu ve memnuniyeti i\u00e7in modern olanaklarla donat\u0131lm\u0131\u015f dairelerimizde, evlerindeymi\u015f gibi hissetmelerini\n                      sa\u011fl\u0131yoruz. Ayr\u0131ca, seyahatleri boyunca ihtiya\u00e7 duyabilecekleri her t\u00fcrl\u00fc deste\u011fi sa\u011flamak i\u00e7in 7\/24 hizmet veren bir m\u00fc\u015fteri destek ekibimiz bulunmaktad\u0131r.<\/p>\n\n\n\n<p><strong>Neden Biz?<\/strong><\/p>\n\n\n\n<p>Kad\u0131k\u00f6y G\u00fcnl\u00fck Kiral\u0131k Daireler olarak, misafirlerimizin ihtiya\u00e7lar\u0131na \u00f6ncelik veriyor ve onlar\u0131n konforunu sa\u011flamak i\u00e7in s\u00fcrekli olarak \u00e7al\u0131\u015f\u0131yoruz. Konumu, kalitesi ve m\u00fc\u015fteri odakl\u0131 yakla\u015f\u0131m\u0131m\u0131zla fark yarat\u0131yor ve her zaman en\n                      iyisini sunmaya kararl\u0131y\u0131z. \u0130stanbul&#8217;u ke\u015ffetmek isteyenler i\u00e7in ideal bir konaklama deneyimi sunmak i\u00e7in buraday\u0131z.<\/p>\n\n\n\n<p><strong>Bize Ula\u015f\u0131n<\/strong><\/p>\n\n\n\n<p>\u0130stanbul&#8217;un kalbinde, Kad\u0131k\u00f6y&#8217;\u00fcn en merkezi noktalar\u0131nda bulunan dairelerimizle ilgili daha fazla bilgi almak ve rezervasyon yapmak i\u00e7in bizimle ileti\u015fime ge\u00e7mekten \u00e7ekinmeyin. Size en iyi hizmeti sunmak i\u00e7in buraday\u0131z!<\/p>\n\n\n<\/div><\/div>\n<div data-colibri-id=\"27603-c60\" class=\"h-global-transition-all h-heading style-285 style-local-27603-c60 position-relative h-element\">\n                  <!----><\/p>\n<div class=\"h-heading__outer style-285 style-local-27603-c60\">\n                    <!----><br \/>\n                    <!----><\/p>\n<h2 class=\"\">Tesisimizde bulunanlar<\/h2>\n<\/p><\/div>\n<\/p><\/div>\n<div data-colibri-id=\"27603-c61\" class=\"h-row-container gutters-row-lg-2 gutters-row-md-2 gutters-row-0 gutters-row-v-lg-2 gutters-row-v-md-2 gutters-row-v-2 style-286 style-local-27603-c61 position-relative\">\n                  <!----><\/p>\n<div class=\"h-row justify-content-lg-center justify-content-md-center justify-content-center align-items-lg-stretch align-items-md-stretch align-items-stretch gutters-col-lg-2 gutters-col-md-2 gutters-col-0 gutters-col-v-lg-2 gutters-col-v-md-2 gutters-col-v-2\">\n                    <!----><\/p>\n<div class=\"h-column h-column-container d-flex h-col-lg-auto h-col-md-auto h-col-auto style-287-outer style-local-27603-c62-outer\">\n<div data-colibri-id=\"27603-c62\" class=\"d-flex h-flex-basis h-column__inner h-px-lg-2 h-px-md-2 h-px-2 v-inner-lg-2 v-inner-md-2 v-inner-2 style-287 style-local-27603-c62 position-relative\">\n                        <!----><br \/>\n                        <!----><\/p>\n<div class=\"w-100 h-y-container h-column__content h-column__v-align flex-basis-100 align-self-lg-start align-self-md-start align-self-start\">\n                          <!----><\/p>\n<div data-colibri-id=\"27603-c63\" class=\"d-block style-297 style-local-27603-c63 position-relative h-element\">\n                            <!----><\/p>\n<div class=\"h-image__frame-container-outer\">\n<div class=\"h-image__frame-container\">\n                                <!----><br \/>\n                                <!----><br \/>\n                                <img loading=\"lazy\" decoding=\"async\" width=\"64\" height=\"64\" src=\"https:\/\/kadikoygunluk.com\/wp-content\/uploads\/2024\/01\/a4.png\" class=\"wp-image-27557 style-297-image style-local-27603-c63-image\" alt=\"\" \/><\/p>\n<div class=\"h-image__frame h-hide-lg h-hide-md h-hide-sm style-297-frameImage style-local-27603-c63-frameImage\"><\/div>\n<\/p><\/div>\n<\/p><\/div>\n<\/p><\/div>\n<\/p><\/div>\n<\/p><\/div>\n<\/p><\/div>\n<div class=\"h-column h-column-container d-flex h-col-lg-auto h-col-md-auto h-col-auto style-288-outer style-local-27603-c64-outer\">\n<div data-colibri-id=\"27603-c64\" class=\"d-flex h-flex-basis h-column__inner h-px-lg-2 h-px-md-2 h-px-2 v-inner-lg-2 v-inner-md-2 v-inner-2 style-288 style-local-27603-c64 position-relative\">\n                        <!----><br \/>\n                        <!----><\/p>\n<div class=\"w-100 h-y-container h-column__content h-column__v-align flex-basis-100 align-self-lg-start align-self-md-start align-self-start\">\n                          <!----><\/p>\n<div data-colibri-id=\"27603-c65\" class=\"d-block style-298 style-local-27603-c65 position-relative h-element\">\n                            <!----><\/p>\n<div class=\"h-image__frame-container-outer\">\n<div class=\"h-image__frame-container\">\n                                <!----><br \/>\n                                <!----><br \/>\n                                <img loading=\"lazy\" decoding=\"async\" width=\"64\" height=\"64\" src=\"https:\/\/kadikoygunluk.com\/wp-content\/uploads\/2024\/01\/a6.png\" class=\"wp-image-27558 style-298-image style-local-27603-c65-image\" alt=\"\" \/><\/p>\n<div class=\"h-image__frame h-hide-lg h-hide-md h-hide-sm style-298-frameImage style-local-27603-c65-frameImage\"><\/div>\n<\/p><\/div>\n<\/p><\/div>\n<\/p><\/div>\n<\/p><\/div>\n<\/p><\/div>\n<\/p><\/div>\n<div class=\"h-column h-column-container d-flex h-col-lg-auto h-col-md-auto h-col-auto style-289-outer style-local-27603-c66-outer\">\n<div data-colibri-id=\"27603-c66\" class=\"d-flex h-flex-basis h-column__inner h-px-lg-2 h-px-md-2 h-px-2 v-inner-lg-2 v-inner-md-2 v-inner-2 style-289 style-local-27603-c66 position-relative\">\n                        <!----><br \/>\n                        <!----><\/p>\n<div class=\"w-100 h-y-container h-column__content h-column__v-align flex-basis-100 align-self-lg-start align-self-md-start align-self-start\">\n                          <!----><\/p>\n<div data-colibri-id=\"27603-c67\" class=\"d-block style-299 style-local-27603-c67 position-relative h-element\">\n                            <!----><\/p>\n<div class=\"h-image__frame-container-outer\">\n<div class=\"h-image__frame-container\">\n                                <!----><br \/>\n                                <!----><br \/>\n                                <img loading=\"lazy\" decoding=\"async\" width=\"64\" height=\"64\" src=\"https:\/\/kadikoygunluk.com\/wp-content\/uploads\/2024\/01\/a7.png\" class=\"wp-image-27559 style-299-image style-local-27603-c67-image\" alt=\"\" \/><\/p>\n<div class=\"h-image__frame h-hide-lg h-hide-md h-hide-sm style-299-frameImage style-local-27603-c67-frameImage\"><\/div>\n<\/p><\/div>\n<\/p><\/div>\n<\/p><\/div>\n<\/p><\/div>\n<\/p><\/div>\n<\/p><\/div>\n<div class=\"h-column h-column-container d-flex h-col-lg-auto h-col-md-auto h-col-auto style-290-outer style-local-27603-c68-outer\">\n<div data-colibri-id=\"27603-c68\" class=\"d-flex h-flex-basis h-column__inner h-px-lg-2 h-px-md-2 h-px-2 v-inner-lg-2 v-inner-md-2 v-inner-2 style-290 style-local-27603-c68 position-relative\">\n                        <!----><br \/>\n                        <!----><\/p>\n<div class=\"w-100 h-y-container h-column__content h-column__v-align flex-basis-100 align-self-lg-start align-self-md-start align-self-start\">\n                          <!----><\/p>\n<div data-colibri-id=\"27603-c69\" class=\"d-block style-300 style-local-27603-c69 position-relative h-element\">\n                            <!----><\/p>\n<div class=\"h-image__frame-container-outer\">\n<div class=\"h-image__frame-container\">\n                                <!----><br \/>\n                                <!----><br \/>\n                                <img loading=\"lazy\" decoding=\"async\" width=\"64\" height=\"64\" src=\"https:\/\/kadikoygunluk.com\/wp-content\/uploads\/2024\/01\/a9.png\" class=\"wp-image-27561 style-300-image style-local-27603-c69-image\" alt=\"\" \/><\/p>\n<div class=\"h-image__frame h-hide-lg h-hide-md h-hide-sm style-300-frameImage style-local-27603-c69-frameImage\"><\/div>\n<\/p><\/div>\n<\/p><\/div>\n<\/p><\/div>\n<\/p><\/div>\n<\/p><\/div>\n<\/p><\/div>\n<div class=\"h-column h-column-container d-flex h-col-lg-auto h-col-md-auto h-col-auto style-291-outer style-local-27603-c70-outer\">\n<div data-colibri-id=\"27603-c70\" class=\"d-flex h-flex-basis h-column__inner h-px-lg-2 h-px-md-2 h-px-2 v-inner-lg-2 v-inner-md-2 v-inner-2 style-291 style-local-27603-c70 position-relative\">\n                        <!----><br \/>\n                        <!----><\/p>\n<div class=\"w-100 h-y-container h-column__content h-column__v-align flex-basis-100 align-self-lg-start align-self-md-start align-self-start\">\n                          <!----><\/p>\n<div data-colibri-id=\"27603-c71\" class=\"d-block style-301 style-local-27603-c71 position-relative h-element\">\n                            <!----><\/p>\n<div class=\"h-image__frame-container-outer\">\n<div class=\"h-image__frame-container\">\n                                <!----><br \/>\n                                <!----><br \/>\n                                <img loading=\"lazy\" decoding=\"async\" width=\"64\" height=\"64\" src=\"https:\/\/kadikoygunluk.com\/wp-content\/uploads\/2024\/01\/a3.png\" class=\"wp-image-27556 style-301-image style-local-27603-c71-image\" alt=\"\" \/><\/p>\n<div class=\"h-image__frame h-hide-lg h-hide-md h-hide-sm style-301-frameImage style-local-27603-c71-frameImage\"><\/div>\n<\/p><\/div>\n<\/p><\/div>\n<\/p><\/div>\n<\/p><\/div>\n<\/p><\/div>\n<\/p><\/div>\n<div class=\"h-column h-column-container d-flex h-col-lg-auto h-col-md-auto h-col-auto style-292-outer style-local-27603-c72-outer\">\n<div data-colibri-id=\"27603-c72\" class=\"d-flex h-flex-basis h-column__inner h-px-lg-2 h-px-md-2 h-px-2 v-inner-lg-2 v-inner-md-2 v-inner-2 style-292 style-local-27603-c72 position-relative\">\n                        <!----><br \/>\n                        <!----><\/p>\n<div class=\"w-100 h-y-container h-column__content h-column__v-align flex-basis-100 align-self-lg-start align-self-md-start align-self-start\">\n                          <!----><\/p>\n<div data-colibri-id=\"27603-c73\" class=\"d-block style-302 style-local-27603-c73 position-relative h-element\">\n                            <!----><\/p>\n<div class=\"h-image__frame-container-outer\">\n<div class=\"h-image__frame-container\">\n                                <!----><br \/>\n                                <!----><br \/>\n                                <img loading=\"lazy\" decoding=\"async\" width=\"64\" height=\"64\" src=\"https:\/\/kadikoygunluk.com\/wp-content\/uploads\/2024\/01\/a1.png\" class=\"wp-image-27555 style-302-image style-local-27603-c73-image\" alt=\"\" \/><\/p>\n<div class=\"h-image__frame h-hide-lg h-hide-md h-hide-sm style-302-frameImage style-local-27603-c73-frameImage\"><\/div>\n<\/p><\/div>\n<\/p><\/div>\n<\/p><\/div>\n<\/p><\/div>\n<\/p><\/div>\n<\/p><\/div>\n<div class=\"h-column h-column-container d-flex h-col-lg-auto h-col-md-auto h-col-auto style-293-outer style-local-27603-c74-outer\">\n<div data-colibri-id=\"27603-c74\" class=\"d-flex h-flex-basis h-column__inner h-px-lg-2 h-px-md-2 h-px-2 v-inner-lg-2 v-inner-md-2 v-inner-2 style-293 style-local-27603-c74 position-relative\">\n                        <!----><br \/>\n                        <!----><\/p>\n<div class=\"w-100 h-y-container h-column__content h-column__v-align flex-basis-100 align-self-lg-start align-self-md-start align-self-start\">\n                          <!----><\/p>\n<div data-colibri-id=\"27603-c75\" class=\"d-block style-303 style-local-27603-c75 position-relative h-element\">\n                            <!----><\/p>\n<div class=\"h-image__frame-container-outer\">\n<div class=\"h-image__frame-container\">\n                                <!----><br \/>\n                                <!----><br \/>\n                                <img loading=\"lazy\" decoding=\"async\" width=\"64\" height=\"64\" src=\"https:\/\/kadikoygunluk.com\/wp-content\/uploads\/2024\/01\/a13.png\" class=\"wp-image-27562 style-303-image style-local-27603-c75-image\" alt=\"\" \/><\/p>\n<div class=\"h-image__frame h-hide-lg h-hide-md h-hide-sm style-303-frameImage style-local-27603-c75-frameImage\"><\/div>\n<\/p><\/div>\n<\/p><\/div>\n<\/p><\/div>\n<\/p><\/div>\n<\/p><\/div>\n<\/p><\/div>\n<div class=\"h-column h-column-container d-flex h-col-lg-auto h-col-md-auto h-col-auto style-294-outer style-local-27603-c76-outer\">\n<div data-colibri-id=\"27603-c76\" class=\"d-flex h-flex-basis h-column__inner h-px-lg-2 h-px-md-2 h-px-2 v-inner-lg-2 v-inner-md-2 v-inner-2 style-294 style-local-27603-c76 position-relative\">\n                        <!----><br \/>\n                        <!----><\/p>\n<div class=\"w-100 h-y-container h-column__content h-column__v-align flex-basis-100 align-self-lg-start align-self-md-start align-self-start\">\n                          <!----><\/p>\n<div data-colibri-id=\"27603-c77\" class=\"d-block style-304 style-local-27603-c77 position-relative h-element\">\n                            <!----><\/p>\n<div class=\"h-image__frame-container-outer\">\n<div class=\"h-image__frame-container\">\n                                <!----><br \/>\n                                <!----><br \/>\n                                <img loading=\"lazy\" decoding=\"async\" width=\"64\" height=\"64\" src=\"https:\/\/kadikoygunluk.com\/wp-content\/uploads\/2024\/01\/a14.png\" class=\"wp-image-27563 style-304-image style-local-27603-c77-image\" alt=\"\" \/><\/p>\n<div class=\"h-image__frame h-hide-lg h-hide-md h-hide-sm style-304-frameImage style-local-27603-c77-frameImage\"><\/div>\n<\/p><\/div>\n<\/p><\/div>\n<\/p><\/div>\n<\/p><\/div>\n<\/p><\/div>\n<\/p><\/div>\n<div class=\"h-column h-column-container d-flex h-col-lg-auto h-col-md-auto h-col-auto style-295-outer style-local-27603-c78-outer\">\n<div data-colibri-id=\"27603-c78\" class=\"d-flex h-flex-basis h-column__inner h-px-lg-2 h-px-md-2 h-px-2 v-inner-lg-2 v-inner-md-2 v-inner-2 style-295 style-local-27603-c78 position-relative\">\n                        <!----><br \/>\n                        <!----><\/p>\n<div class=\"w-100 h-y-container h-column__content h-column__v-align flex-basis-100 align-self-lg-start align-self-md-start align-self-start\">\n                          <!----><\/p>\n<div data-colibri-id=\"27603-c79\" class=\"d-block style-305 style-local-27603-c79 position-relative h-element\">\n                            <!----><\/p>\n<div class=\"h-image__frame-container-outer\">\n<div class=\"h-image__frame-container\">\n                                <!----><br \/>\n                                <!----><br \/>\n                                <img loading=\"lazy\" decoding=\"async\" width=\"64\" height=\"64\" src=\"https:\/\/kadikoygunluk.com\/wp-content\/uploads\/2024\/01\/a15.png\" class=\"wp-image-27564 style-305-image style-local-27603-c79-image\" alt=\"\" \/><\/p>\n<div class=\"h-image__frame h-hide-lg h-hide-md h-hide-sm style-305-frameImage style-local-27603-c79-frameImage\"><\/div>\n<\/p><\/div>\n<\/p><\/div>\n<\/p><\/div>\n<\/p><\/div>\n<\/p><\/div>\n<\/p><\/div>\n<div class=\"h-column h-column-container d-flex h-col-lg-auto h-col-md-auto h-col-auto style-296-outer style-local-27603-c80-outer\">\n<div data-colibri-id=\"27603-c80\" class=\"d-flex h-flex-basis h-column__inner h-px-lg-2 h-px-md-2 h-px-2 v-inner-lg-2 v-inner-md-2 v-inner-2 style-296 style-local-27603-c80 position-relative\">\n                        <!----><br \/>\n                        <!----><\/p>\n<div class=\"w-100 h-y-container h-column__content h-column__v-align flex-basis-100 align-self-lg-start align-self-md-start align-self-start\">\n                          <!----><\/p>\n<div data-colibri-id=\"27603-c81\" class=\"d-block style-306 style-local-27603-c81 position-relative h-element\">\n                            <!----><\/p>\n<div class=\"h-image__frame-container-outer\">\n<div class=\"h-image__frame-container\">\n                                <!----><br \/>\n                                <!----><br \/>\n                                <img loading=\"lazy\" decoding=\"async\" width=\"64\" height=\"64\" src=\"https:\/\/kadikoygunluk.com\/wp-content\/uploads\/2024\/01\/a8.png\" class=\"wp-image-27560 style-306-image style-local-27603-c81-image\" alt=\"\" \/><\/p>\n<div class=\"h-image__frame h-hide-lg h-hide-md h-hide-sm style-306-frameImage style-local-27603-c81-frameImage\"><\/div>\n<\/p><\/div>\n<\/p><\/div>\n<\/p><\/div>\n<\/p><\/div>\n<\/p><\/div>\n<\/p><\/div>\n<\/p><\/div>\n<\/p><\/div>\n<\/p><\/div>\n<\/p><\/div>\n<\/p><\/div>\n<\/p><\/div>\n<\/p><\/div>\n<\/p><\/div>\n<\/p><\/div>\n<\/div>","protected":false},"excerpt":{"rendered":"<p>Seyahatlerinizi daha keyifli ve rahat hale getirmeyi hedefliyor ve sizlere Kad\u0131k\u00f6y&#8217;\u00fcn g\u00fczelliklerini ke\u015ffederken evinizde gibi hissettirmek i\u00e7in buraday\u0131z. Biz Kimiz? Kad\u0131k\u00f6y G\u00fcnl\u00fck Kiral\u0131k Daireler, \u0130stanbul&#8217;un en canl\u0131 semtlerinden biri olan Kad\u0131k\u00f6y&#8217;de konforlu ve keyifli konaklama deneyimleri sunan bir konaklama hizmeti sa\u011flay\u0131c\u0131s\u0131d\u0131r. Misafirlerimize evlerindeymi\u015f gibi hissettirecek modern ve \u015f\u0131k dairelerimizle, \u0130stanbul&#8217;un enerjisini ve k\u00fclt\u00fcrel dokusunu ke\u015ffederken [&hellip;]<\/p>\n","protected":false},"author":1,"featured_media":0,"parent":0,"menu_order":0,"comment_status":"closed","ping_status":"closed","template":"page-templates\/full-width-page.php","meta":{"_monsterinsights_skip_tracking":false,"_monsterinsights_sitenote_active":false,"_monsterinsights_sitenote_note":"","_monsterinsights_sitenote_category":0,"footnotes":""},"class_list":["post-27603","page","type-page","status-publish","hentry"],"aioseo_notices":[],"_links":{"self":[{"href":"https:\/\/kadikoygunluk.com\/index.php\/wp-json\/wp\/v2\/pages\/27603","targetHints":{"allow":["GET"]}}],"collection":[{"href":"https:\/\/kadikoygunluk.com\/index.php\/wp-json\/wp\/v2\/pages"}],"about":[{"href":"https:\/\/kadikoygunluk.com\/index.php\/wp-json\/wp\/v2\/types\/page"}],"author":[{"embeddable":true,"href":"https:\/\/kadikoygunluk.com\/index.php\/wp-json\/wp\/v2\/users\/1"}],"replies":[{"embeddable":true,"href":"https:\/\/kadikoygunluk.com\/index.php\/wp-json\/wp\/v2\/comments?post=27603"}],"version-history":[{"count":8,"href":"https:\/\/kadikoygunluk.com\/index.php\/wp-json\/wp\/v2\/pages\/27603\/revisions"}],"predecessor-version":[{"id":27911,"href":"https:\/\/kadikoygunluk.com\/index.php\/wp-json\/wp\/v2\/pages\/27603\/revisions\/27911"}],"wp:attachment":[{"href":"https:\/\/kadikoygunluk.com\/index.php\/wp-json\/wp\/v2\/media?parent=27603"}],"curies":[{"name":"wp","href":"https:\/\/api.w.org\/{rel}","templated":true}]}}